{"id":4652,"date":"2026-04-13T21:31:10","date_gmt":"2026-04-13T21:31:10","guid":{"rendered":"https:\/\/atacama-connection.com\/experiences\/"},"modified":"2026-04-14T22:32:46","modified_gmt":"2026-04-14T22:32:46","slug":"experiences","status":"publish","type":"page","link":"https:\/\/atacama-connection.com\/en\/experiences\/","title":{"rendered":"Experiences"},"content":{"rendered":"\t\t<div data-elementor-type=\"wp-page\" data-elementor-id=\"4652\" class=\"elementor elementor-4652 elementor-4626\" data-elementor-post-type=\"page\">\n\t\t\t\t<div class=\"elementor-element elementor-element-fe10cfa e-flex e-con-boxed e-con e-parent\" data-id=\"fe10cfa\" data-element_type=\"container\" data-e-type=\"container\" data-settings=\"{&quot;background_background&quot;:&quot;classic&quot;,&quot;grandtour_ext_is_background_parallax&quot;:&quot;false&quot;,&quot;grandtour_ext_is_background_backdrop&quot;:&quot;false&quot;,&quot;grandtour_ext_is_background_on_scroll&quot;:&quot;false&quot;,&quot;grandtour_ext_link_sidemenu&quot;:&quot;false&quot;,&quot;grandtour_ext_link_fullmenu&quot;:&quot;false&quot;,&quot;grandtour_ext_link_closed_fullmenu&quot;:&quot;false&quot;,&quot;grandtour_ext_is_sticky&quot;:&quot;false&quot;,&quot;grandtour_ext_is_scrollme&quot;:&quot;false&quot;,&quot;grandtour_ext_is_smoove&quot;:&quot;false&quot;,&quot;grandtour_ext_is_parallax_mouse&quot;:&quot;false&quot;,&quot;grandtour_ext_is_infinite&quot;:&quot;false&quot;,&quot;grandtour_ext_is_fadeout_animation&quot;:&quot;false&quot;,&quot;grandtour_ext_mobile_static&quot;:&quot;false&quot;}\">\n\t\t\t\t\t<div class=\"e-con-inner\">\n\t\t\t\t<div class=\"elementor-element elementor-element-99defa6 elementor-widget elementor-widget-heading\" data-id=\"99defa6\" data-element_type=\"widget\" data-e-type=\"widget\" data-settings=\"{&quot;grandtour_ext_link_sidemenu&quot;:&quot;false&quot;,&quot;grandtour_ext_link_fullmenu&quot;:&quot;false&quot;,&quot;grandtour_ext_link_closed_fullmenu&quot;:&quot;false&quot;,&quot;grandtour_ext_is_sticky&quot;:&quot;false&quot;,&quot;grandtour_ext_is_scrollme&quot;:&quot;false&quot;,&quot;grandtour_ext_is_smoove&quot;:&quot;false&quot;,&quot;grandtour_ext_is_parallax_mouse&quot;:&quot;false&quot;,&quot;grandtour_ext_is_infinite&quot;:&quot;false&quot;,&quot;grandtour_ext_is_fadeout_animation&quot;:&quot;false&quot;,&quot;grandtour_ext_mobile_static&quot;:&quot;false&quot;}\" data-widget_type=\"heading.default\">\n\t\t\t\t\t<h2 class=\"elementor-heading-title elementor-size-default\">Experiences <\/h2>\t\t\t\t<\/div>\n\t\t\t\t\t<\/div>\n\t\t\t\t<\/div>\n\t\t<div class=\"elementor-element elementor-element-b201cbe e-con-full e-flex e-con e-parent\" data-id=\"b201cbe\" data-element_type=\"container\" data-e-type=\"container\" data-settings=\"{&quot;grandtour_ext_is_background_parallax&quot;:&quot;false&quot;,&quot;grandtour_ext_is_background_backdrop&quot;:&quot;false&quot;,&quot;grandtour_ext_is_background_on_scroll&quot;:&quot;false&quot;,&quot;grandtour_ext_link_sidemenu&quot;:&quot;false&quot;,&quot;grandtour_ext_link_fullmenu&quot;:&quot;false&quot;,&quot;grandtour_ext_link_closed_fullmenu&quot;:&quot;false&quot;,&quot;grandtour_ext_is_sticky&quot;:&quot;false&quot;,&quot;grandtour_ext_is_scrollme&quot;:&quot;false&quot;,&quot;grandtour_ext_is_smoove&quot;:&quot;false&quot;,&quot;grandtour_ext_is_parallax_mouse&quot;:&quot;false&quot;,&quot;grandtour_ext_is_infinite&quot;:&quot;false&quot;,&quot;grandtour_ext_is_fadeout_animation&quot;:&quot;false&quot;,&quot;grandtour_ext_mobile_static&quot;:&quot;false&quot;}\">\n\t\t\t\t<div class=\"elementor-element elementor-element-0f57a8f elementor-widget elementor-widget-grandtour-classic-tour-search\" data-id=\"0f57a8f\" data-element_type=\"widget\" data-e-type=\"widget\" data-settings=\"{&quot;grandtour_ext_link_sidemenu&quot;:&quot;false&quot;,&quot;grandtour_ext_link_fullmenu&quot;:&quot;false&quot;,&quot;grandtour_ext_link_closed_fullmenu&quot;:&quot;false&quot;,&quot;grandtour_ext_is_sticky&quot;:&quot;false&quot;,&quot;grandtour_ext_is_scrollme&quot;:&quot;false&quot;,&quot;grandtour_ext_is_smoove&quot;:&quot;false&quot;,&quot;grandtour_ext_is_parallax_mouse&quot;:&quot;false&quot;,&quot;grandtour_ext_is_infinite&quot;:&quot;false&quot;,&quot;grandtour_ext_is_fadeout_animation&quot;:&quot;false&quot;,&quot;grandtour_ext_mobile_static&quot;:&quot;false&quot;}\" data-widget_type=\"grandtour-classic-tour-search.default\">\n\t\t\t\t<div class=\"elementor-widget-container\">\n\t\t\t\t\t<div class=\"classic-tour-search-wrapper\" data-widget-id=\"0f57a8f\">\n<div  class=\"one withsmallpadding ppb_tour_search\"><div class=\"standard_wrapper\"><div class=\"page_content_wrapper\"><div class=\"inner\"><form id=\"tour_search_form\" class=\"tour_search_form\" method=\"get\" action=\"https:\/\/atacama-connection.com\/?page_id=3101\"><div class=\"tour_search_wrapper\">\n    \t<div class=\"one_fourth themeborder\">\n    \t\t<input id=\"keyword\" name=\"keyword\" type=\"text\" autocomplete=\"off\" placeholder=\"Destination, city\"\/>\n    \t\t<span class=\"ti-search\"><\/span>\n    \t\t<div id=\"autocomplete\" class=\"autocomplete\" data-mousedown=\"false\"><\/div>\n    \t<\/div><div class=\"one_fourth themeborder\"><select id=\"month\" name=\"month\">\n\t    \t\t<option value=\"\">Any Month<\/option><option value=\"january\">January<\/option><option value=\"february\">February<\/option><option value=\"march\">March<\/option><option value=\"april\">April<\/option><option value=\"may\">May<\/option><option value=\"june\">June<\/option><option value=\"july\">July<\/option><option value=\"august\">August<\/option><option value=\"september\">September<\/option><option value=\"october\">October<\/option><option value=\"november\">November<\/option><option value=\"december\">December<\/option><\/select>\n    \t\t<span class=\"ti-calendar\"><\/span>\n    \t<\/div>\n    \t<div class=\"one_fourth themeborder\"><select id=\"sort_by\" name=\"sort_by\"><option value=\"date\">Sort By Date<\/option><option value=\"price_low\">Price Low to High<\/option><option value=\"price_high\">Price High to Low<\/option><option value=\"name\">Sort By Name<\/option><option value=\"popular\">Sort By Popularity<\/option><option value=\"review\">Sort By Review Score<\/option><\/select>\n    \t\t<span class=\"ti-exchange-vertical\"><\/span>\n    \t<\/div>\n    \t<div class=\"one_fourth last themeborder\">\n    \t\t<input id=\"tour_search_btn\" type=\"submit\" class=\"button\" value=\"Search\"\/>\n    \t<\/div><br class=\"clear\"\/><div class=\"tour_advance_search_wrapper\">\n\t    <div class=\"one_fourth themeborder\"><select id=\"tourcat\" name=\"tourcat\">\n\t\t    \t\t<option value=\"\">All Categories<\/option><option value=\"classics\">Classics<\/option><\/select>\n\t    \t\t<span class=\"ti-angle-down\"><\/span>\n\t    \t<\/div><div class=\"one_fourth themeborder\"><select id=\"destination_id\" name=\"destination_id\">\n\t\t    \t\t<option value=\"\">Any Destinations<\/option><\/select>\n\t    \t\t<span class=\"ti-angle-down\"><\/span>\n\t    \t<\/div><div class=\"one_fourth themeborder\">\n\t    \t\t<input id=\"budget\" name=\"budget\" type=\"text\" placeholder=\"Max budget ex. 500\"\/>\n\t    \t\t<span>$<\/span>\n\t    \t<\/div><\/div><\/div><div class=\"tour_advance_search_wrapper_link\"><a id=\"tour_advance_search_toggle\" href=\"javascript:;\" class=\"theme_link_color\"><span class=\"icon ti-angle-down\"><\/span>Advanced Search<\/a><\/div>\n    <\/div>\n<\/form><\/div><\/div><\/div><\/div>\n<br class=\"clear\"\/>\t\t\t\t<\/div>\n\t\t\t\t<\/div>\n\t\t\t\t<\/div>\n\t\t<div class=\"elementor-element elementor-element-48e3666 e-flex e-con-boxed e-con e-parent\" data-id=\"48e3666\" data-element_type=\"container\" data-e-type=\"container\" data-settings=\"{&quot;grandtour_ext_is_background_parallax&quot;:&quot;false&quot;,&quot;grandtour_ext_is_background_backdrop&quot;:&quot;false&quot;,&quot;grandtour_ext_is_background_on_scroll&quot;:&quot;false&quot;,&quot;grandtour_ext_link_sidemenu&quot;:&quot;false&quot;,&quot;grandtour_ext_link_fullmenu&quot;:&quot;false&quot;,&quot;grandtour_ext_link_closed_fullmenu&quot;:&quot;false&quot;,&quot;grandtour_ext_is_sticky&quot;:&quot;false&quot;,&quot;grandtour_ext_is_scrollme&quot;:&quot;false&quot;,&quot;grandtour_ext_is_smoove&quot;:&quot;false&quot;,&quot;grandtour_ext_is_parallax_mouse&quot;:&quot;false&quot;,&quot;grandtour_ext_is_infinite&quot;:&quot;false&quot;,&quot;grandtour_ext_is_fadeout_animation&quot;:&quot;false&quot;,&quot;grandtour_ext_mobile_static&quot;:&quot;false&quot;}\">\n\t\t\t\t\t<div class=\"e-con-inner\">\n\t\t\t\t<div class=\"elementor-element elementor-element-e1c24e1 elementor-widget elementor-widget-grandtour-tour-grid\" data-id=\"e1c24e1\" data-element_type=\"widget\" data-e-type=\"widget\" data-settings=\"{&quot;grandtour_ext_link_sidemenu&quot;:&quot;false&quot;,&quot;grandtour_ext_link_fullmenu&quot;:&quot;false&quot;,&quot;grandtour_ext_link_closed_fullmenu&quot;:&quot;false&quot;,&quot;grandtour_ext_is_sticky&quot;:&quot;false&quot;,&quot;grandtour_ext_is_scrollme&quot;:&quot;false&quot;,&quot;grandtour_ext_is_smoove&quot;:&quot;false&quot;,&quot;grandtour_ext_is_parallax_mouse&quot;:&quot;false&quot;,&quot;grandtour_ext_is_infinite&quot;:&quot;false&quot;,&quot;grandtour_ext_is_fadeout_animation&quot;:&quot;false&quot;,&quot;grandtour_ext_mobile_static&quot;:&quot;false&quot;}\" data-widget_type=\"grandtour-tour-grid.default\">\n\t\t\t\t<div class=\"elementor-widget-container\">\n\t\t\t\t\t<div class=\"portfolio-classic-container grandtour-tour-grid\">\n<div class=\"portfolio-classic-content-wrapper portfolio-classic tour-grid-wrapper layout-grandtour-three-cols\" data-cols=\"3\">\n\t\t<div class=\"portfolio-classic-grid-wrapper tour-grid-featured-image grandtour-three-cols   portfolio-1 tile scale-anm all\" style=\"background-image:url(https:\/\/atacama-connection.com\/wp-content\/uploads\/2025\/12\/img-galeria-geyser-del-tatio-atacama-5-800x940.jpg);\">\n\t\t\t<a href=\"https:\/\/atacama-connection.com\/en\/experiences\/geysers-del-tatio\/\" title=\"Geysers Del Tatio\" class=\"tour-grid-link\"><\/a>\n\t\t\t\n\t\t\t<div class=\"tour-grid-content\">\n\t\t\t\t<div class=\"tour-grid-header-title\">\n\t\t\t\t\t<h3><a href=\"https:\/\/atacama-connection.com\/en\/experiences\/geysers-del-tatio\/\" title=\"Geysers Del Tatio\">Geysers Del Tatio<\/a><\/h3>\n\t\t\t\t<\/div>\n\t\t\t\t\n\t\t\t\t\t\t\t\t\t<div class=\"tour-grid-header-excerpt\">\n\t\t\t\t\t\t<p>Get ready to see the Earth...<\/p>\t\t\t\t\t<\/div>\n\t\t\t\t\t\t\t\t\n\t\t\t\t<div class=\"tour-grid-meta\">\n\t\t\t\t\t<div class=\"tour-grid-button\">\t\n\t\t\t\t\t\t<a href=\"https:\/\/atacama-connection.com\/en\/experiences\/geysers-del-tatio\/\" class=\"button\">View<\/a>\n\t\t\t\t\t<\/div>\n\t\t\t\t\t\n\t\t\t\t\t\t\t\t\t\t<div class=\"tour-grid-price\">\t\n\t\t\t\t\t\t<div class=\"tour-grid-price-label\">From<\/div>\n\t\t\t\t\t\t<div class=\"tour-grid-price-data\">60.000 CLP<\/div>\n\t\t\t\t\t<\/div>\n\t\t\t\t\t\t\t\t\t<\/div>\n\t\t\t<\/div>\n\t\t<\/div>\n\t\t<div class=\"portfolio-classic-grid-wrapper tour-grid-featured-image grandtour-three-cols   portfolio-2 tile scale-anm all\" style=\"background-image:url(https:\/\/atacama-connection.com\/wp-content\/uploads\/2025\/12\/img-galeria-valle-de-luna-valle-de-marte-atacama-25-800x940.jpg);\">\n\t\t\t<a href=\"https:\/\/atacama-connection.com\/en\/experiences\/valle-de-la-luna-valle-de-marte\/\" title=\"Valle de la Luna + Valle de Marte (Valle de la Muerte)\" class=\"tour-grid-link\"><\/a>\n\t\t\t\n\t\t\t<div class=\"tour-grid-content\">\n\t\t\t\t<div class=\"tour-grid-header-title\">\n\t\t\t\t\t<h3><a href=\"https:\/\/atacama-connection.com\/en\/experiences\/valle-de-la-luna-valle-de-marte\/\" title=\"Valle de la Luna + Valle de Marte (Valle de la Muerte)\">Valle de la Luna + Valle de Marte (Valle de la Muerte)<\/a><\/h3>\n\t\t\t\t<\/div>\n\t\t\t\t\n\t\t\t\t\t\t\t\t\t<div class=\"tour-grid-header-excerpt\">\n\t\t\t\t\t\t<p>A journey through the Salt Mountain Range, between the Moon and...<\/p>\t\t\t\t\t<\/div>\n\t\t\t\t\t\t\t\t\n\t\t\t\t<div class=\"tour-grid-meta\">\n\t\t\t\t\t<div class=\"tour-grid-button\">\t\n\t\t\t\t\t\t<a href=\"https:\/\/atacama-connection.com\/en\/experiences\/valle-de-la-luna-valle-de-marte\/\" class=\"button\">View<\/a>\n\t\t\t\t\t<\/div>\n\t\t\t\t\t\n\t\t\t\t\t\t\t\t\t\t<div class=\"tour-grid-price\">\t\n\t\t\t\t\t\t<div class=\"tour-grid-price-label\">From<\/div>\n\t\t\t\t\t\t<div class=\"tour-grid-price-data\">45.000 CLP<\/div>\n\t\t\t\t\t<\/div>\n\t\t\t\t\t\t\t\t\t<\/div>\n\t\t\t<\/div>\n\t\t<\/div>\n\t\t<div class=\"portfolio-classic-grid-wrapper tour-grid-featured-image grandtour-three-cols last  portfolio-3 tile scale-anm all\" style=\"background-image:url(https:\/\/atacama-connection.com\/wp-content\/uploads\/2025\/12\/img-galeria-piedras-rojas-atacama-25-800x940.jpg);\">\n\t\t\t<a href=\"https:\/\/atacama-connection.com\/en\/experiences\/piedras-rojas-lagunas-altiplanicas\/\" title=\"Red Stones + High Plateau Lagoons\" class=\"tour-grid-link\"><\/a>\n\t\t\t\n\t\t\t<div class=\"tour-grid-content\">\n\t\t\t\t<div class=\"tour-grid-header-title\">\n\t\t\t\t\t<h3><a href=\"https:\/\/atacama-connection.com\/en\/experiences\/piedras-rojas-lagunas-altiplanicas\/\" title=\"Red Stones + High Plateau Lagoons\">Red Stones + High Plateau Lagoons<\/a><\/h3>\n\t\t\t\t<\/div>\n\t\t\t\t\n\t\t\t\t\t\t\t\t\t<div class=\"tour-grid-header-excerpt\">\n\t\t\t\t\t\t<p>Colors, silence, and life in the Andean...<\/p>\t\t\t\t\t<\/div>\n\t\t\t\t\t\t\t\t\n\t\t\t\t<div class=\"tour-grid-meta\">\n\t\t\t\t\t<div class=\"tour-grid-button\">\t\n\t\t\t\t\t\t<a href=\"https:\/\/atacama-connection.com\/en\/experiences\/piedras-rojas-lagunas-altiplanicas\/\" class=\"button\">View<\/a>\n\t\t\t\t\t<\/div>\n\t\t\t\t\t\n\t\t\t\t\t\t\t\t\t\t<div class=\"tour-grid-price\">\t\n\t\t\t\t\t\t<div class=\"tour-grid-price-label\">From<\/div>\n\t\t\t\t\t\t<div class=\"tour-grid-price-data\">85.000 CLP<\/div>\n\t\t\t\t\t<\/div>\n\t\t\t\t\t\t\t\t\t<\/div>\n\t\t\t<\/div>\n\t\t<\/div>\n\t\t<div class=\"portfolio-classic-grid-wrapper tour-grid-featured-image grandtour-three-cols   portfolio-4 tile scale-anm all\" style=\"background-image:url(https:\/\/atacama-connection.com\/wp-content\/uploads\/2025\/12\/img-galeria-astronomico-atacama-12-800x940.jpg);\">\n\t\t\t<a href=\"https:\/\/atacama-connection.com\/en\/experiences\/tour-astronomico-astrofotografico\/\" title=\"Astronomical + Astrophotography Tour\" class=\"tour-grid-link\"><\/a>\n\t\t\t\n\t\t\t<div class=\"tour-grid-content\">\n\t\t\t\t<div class=\"tour-grid-header-title\">\n\t\t\t\t\t<h3><a href=\"https:\/\/atacama-connection.com\/en\/experiences\/tour-astronomico-astrofotografico\/\" title=\"Astronomical + Astrophotography Tour\">Astronomical + Astrophotography Tour<\/a><\/h3>\n\t\t\t\t<\/div>\n\t\t\t\t\n\t\t\t\t\t\t\t\t\t<div class=\"tour-grid-header-excerpt\">\n\t\t\t\t\t\t<p>A night that will change the way you see the...<\/p>\t\t\t\t\t<\/div>\n\t\t\t\t\t\t\t\t\n\t\t\t\t<div class=\"tour-grid-meta\">\n\t\t\t\t\t<div class=\"tour-grid-button\">\t\n\t\t\t\t\t\t<a href=\"https:\/\/atacama-connection.com\/en\/experiences\/tour-astronomico-astrofotografico\/\" class=\"button\">View<\/a>\n\t\t\t\t\t<\/div>\n\t\t\t\t\t\n\t\t\t\t\t\t\t\t\t\t<div class=\"tour-grid-price\">\t\n\t\t\t\t\t\t<div class=\"tour-grid-price-label\">From<\/div>\n\t\t\t\t\t\t<div class=\"tour-grid-price-data\">45.000 CLP<\/div>\n\t\t\t\t\t<\/div>\n\t\t\t\t\t\t\t\t\t<\/div>\n\t\t\t<\/div>\n\t\t<\/div>\n\t\t<div class=\"portfolio-classic-grid-wrapper tour-grid-featured-image grandtour-three-cols   portfolio-5 tile scale-anm all\" style=\"background-image:url(https:\/\/atacama-connection.com\/wp-content\/uploads\/2025\/12\/img-galeria-laguna-cejar-atacama-14-800x940.jpg);\">\n\t\t\t<a href=\"https:\/\/atacama-connection.com\/en\/experiences\/laguna-cejar-ojos-del-salar-and-laguna-tebenquiche\/\" title=\"Laguna Cejar, Ojos del Salar and Laguna Tebenquiche\" class=\"tour-grid-link\"><\/a>\n\t\t\t\n\t\t\t<div class=\"tour-grid-content\">\n\t\t\t\t<div class=\"tour-grid-header-title\">\n\t\t\t\t\t<h3><a href=\"https:\/\/atacama-connection.com\/en\/experiences\/laguna-cejar-ojos-del-salar-and-laguna-tebenquiche\/\" title=\"Laguna Cejar, Ojos del Salar and Laguna Tebenquiche\">Laguna Cejar, Ojos del Salar and Laguna Tebenquiche<\/a><\/h3>\n\t\t\t\t<\/div>\n\t\t\t\t\n\t\t\t\t\t\t\t\t\t<div class=\"tour-grid-header-excerpt\">\n\t\t\t\t\t\t<p>Float, observe, and feel the Atacama Salt...<\/p>\t\t\t\t\t<\/div>\n\t\t\t\t\t\t\t\t\n\t\t\t\t<div class=\"tour-grid-meta\">\n\t\t\t\t\t<div class=\"tour-grid-button\">\t\n\t\t\t\t\t\t<a href=\"https:\/\/atacama-connection.com\/en\/experiences\/laguna-cejar-ojos-del-salar-and-laguna-tebenquiche\/\" class=\"button\">View<\/a>\n\t\t\t\t\t<\/div>\n\t\t\t\t\t\n\t\t\t\t\t\t\t\t\t\t<div class=\"tour-grid-price\">\t\n\t\t\t\t\t\t<div class=\"tour-grid-price-label\">From<\/div>\n\t\t\t\t\t\t<div class=\"tour-grid-price-data\">50.000 CLP<\/div>\n\t\t\t\t\t<\/div>\n\t\t\t\t\t\t\t\t\t<\/div>\n\t\t\t<\/div>\n\t\t<\/div>\n\t\t<div class=\"portfolio-classic-grid-wrapper tour-grid-featured-image grandtour-three-cols last  portfolio-6 tile scale-anm all\" style=\"background-image:url(https:\/\/atacama-connection.com\/wp-content\/uploads\/2025\/12\/img-galeria-valle-del-arcoiris-atacama-3-800x940.jpg);\">\n\t\t\t<a href=\"https:\/\/atacama-connection.com\/en\/experiences\/rainbow-valley-and-petroglyphs-of-yerbas-buenas\/\" title=\"Rainbow Valley and Petroglyphs of Yerbas Buenas\" class=\"tour-grid-link\"><\/a>\n\t\t\t\n\t\t\t<div class=\"tour-grid-content\">\n\t\t\t\t<div class=\"tour-grid-header-title\">\n\t\t\t\t\t<h3><a href=\"https:\/\/atacama-connection.com\/en\/experiences\/rainbow-valley-and-petroglyphs-of-yerbas-buenas\/\" title=\"Rainbow Valley and Petroglyphs of Yerbas Buenas\">Rainbow Valley and Petroglyphs of Yerbas Buenas<\/a><\/h3>\n\t\t\t\t<\/div>\n\t\t\t\t\n\t\t\t\t\t\t\t\t\t<div class=\"tour-grid-header-excerpt\">\n\t\t\t\t\t\t<p>The colors of the earth, the rock art, and the formation of the Atacama...<\/p>\t\t\t\t\t<\/div>\n\t\t\t\t\t\t\t\t\n\t\t\t\t<div class=\"tour-grid-meta\">\n\t\t\t\t\t<div class=\"tour-grid-button\">\t\n\t\t\t\t\t\t<a href=\"https:\/\/atacama-connection.com\/en\/experiences\/rainbow-valley-and-petroglyphs-of-yerbas-buenas\/\" class=\"button\">View<\/a>\n\t\t\t\t\t<\/div>\n\t\t\t\t\t\n\t\t\t\t\t\t\t\t\t\t<div class=\"tour-grid-price\">\t\n\t\t\t\t\t\t<div class=\"tour-grid-price-label\">From<\/div>\n\t\t\t\t\t\t<div class=\"tour-grid-price-data\">45.000 CLP<\/div>\n\t\t\t\t\t<\/div>\n\t\t\t\t\t\t\t\t\t<\/div>\n\t\t\t<\/div>\n\t\t<\/div>\n\t\t<div class=\"portfolio-classic-grid-wrapper tour-grid-featured-image grandtour-three-cols   portfolio-7 tile scale-anm all\" style=\"background-image:url(https:\/\/atacama-connection.com\/wp-content\/uploads\/2025\/12\/img-galeria-ruta-de-los-salares-atacama-17-800x940.jpg);\">\n\t\t\t<a href=\"https:\/\/atacama-connection.com\/en\/experiences\/salt-flats-route\/\" title=\"Salt Flats Route\" class=\"tour-grid-link\"><\/a>\n\t\t\t\n\t\t\t<div class=\"tour-grid-content\">\n\t\t\t\t<div class=\"tour-grid-header-title\">\n\t\t\t\t\t<h3><a href=\"https:\/\/atacama-connection.com\/en\/experiences\/salt-flats-route\/\" title=\"Salt Flats Route\">Salt Flats Route<\/a><\/h3>\n\t\t\t\t<\/div>\n\t\t\t\t\n\t\t\t\t\t\t\t\t\t<div class=\"tour-grid-header-excerpt\">\n\t\t\t\t\t\t<p>A journey through the deep Altiplano of the...<\/p>\t\t\t\t\t<\/div>\n\t\t\t\t\t\t\t\t\n\t\t\t\t<div class=\"tour-grid-meta\">\n\t\t\t\t\t<div class=\"tour-grid-button\">\t\n\t\t\t\t\t\t<a href=\"https:\/\/atacama-connection.com\/en\/experiences\/salt-flats-route\/\" class=\"button\">View<\/a>\n\t\t\t\t\t<\/div>\n\t\t\t\t\t\n\t\t\t\t\t\t\t\t\t\t<div class=\"tour-grid-price\">\t\n\t\t\t\t\t\t<div class=\"tour-grid-price-label\">From<\/div>\n\t\t\t\t\t\t<div class=\"tour-grid-price-data\">65.000 CLP<\/div>\n\t\t\t\t\t<\/div>\n\t\t\t\t\t\t\t\t\t<\/div>\n\t\t\t<\/div>\n\t\t<\/div>\n\t\t<div class=\"portfolio-classic-grid-wrapper tour-grid-featured-image grandtour-three-cols   portfolio-8 tile scale-anm all\" style=\"background-image:url(https:\/\/atacama-connection.com\/wp-content\/uploads\/2025\/12\/img-galeria-termas-de-puritama-atacama-2-800x940.jpg);\">\n\t\t\t<a href=\"https:\/\/atacama-connection.com\/en\/experiences\/termas-de-puritama\/\" title=\"Termas de Puritama\" class=\"tour-grid-link\"><\/a>\n\t\t\t\n\t\t\t<div class=\"tour-grid-content\">\n\t\t\t\t<div class=\"tour-grid-header-title\">\n\t\t\t\t\t<h3><a href=\"https:\/\/atacama-connection.com\/en\/experiences\/termas-de-puritama\/\" title=\"Termas de Puritama\">Termas de Puritama<\/a><\/h3>\n\t\t\t\t<\/div>\n\t\t\t\t\n\t\t\t\t\t\t\t\t\t<div class=\"tour-grid-header-excerpt\">\n\t\t\t\t\t\t<p>\u00c1gua quente e tempo para desacelerar no...<\/p>\t\t\t\t\t<\/div>\n\t\t\t\t\t\t\t\t\n\t\t\t\t<div class=\"tour-grid-meta\">\n\t\t\t\t\t<div class=\"tour-grid-button\">\t\n\t\t\t\t\t\t<a href=\"https:\/\/atacama-connection.com\/en\/experiences\/termas-de-puritama\/\" class=\"button\">View<\/a>\n\t\t\t\t\t<\/div>\n\t\t\t\t\t\n\t\t\t\t\t\t\t\t\t\t<div class=\"tour-grid-price\">\t\n\t\t\t\t\t\t<div class=\"tour-grid-price-label\">From<\/div>\n\t\t\t\t\t\t<div class=\"tour-grid-price-data\">40.000 CLP<\/div>\n\t\t\t\t\t<\/div>\n\t\t\t\t\t\t\t\t\t<\/div>\n\t\t\t<\/div>\n\t\t<\/div>\n\t\t<div class=\"portfolio-classic-grid-wrapper tour-grid-featured-image grandtour-three-cols last  portfolio-9 tile scale-anm all\" style=\"background-image:url(https:\/\/atacama-connection.com\/wp-content\/uploads\/2025\/12\/img-galeria-lagunas-escondidas-de-baltinache-atacama-18-800x940.jpg);\">\n\t\t\t<a href=\"https:\/\/atacama-connection.com\/en\/experiences\/hidden-lagoons-of-baltinache\/\" title=\"Hidden Lagoons of Baltinache\" class=\"tour-grid-link\"><\/a>\n\t\t\t\n\t\t\t<div class=\"tour-grid-content\">\n\t\t\t\t<div class=\"tour-grid-header-title\">\n\t\t\t\t\t<h3><a href=\"https:\/\/atacama-connection.com\/en\/experiences\/hidden-lagoons-of-baltinache\/\" title=\"Hidden Lagoons of Baltinache\">Hidden Lagoons of Baltinache<\/a><\/h3>\n\t\t\t\t<\/div>\n\t\t\t\t\n\t\t\t\t\t\t\t\t\t<div class=\"tour-grid-header-excerpt\">\n\t\t\t\t\t\t<p>Water, salt, and surprise in the heart of the...<\/p>\t\t\t\t\t<\/div>\n\t\t\t\t\t\t\t\t\n\t\t\t\t<div class=\"tour-grid-meta\">\n\t\t\t\t\t<div class=\"tour-grid-button\">\t\n\t\t\t\t\t\t<a href=\"https:\/\/atacama-connection.com\/en\/experiences\/hidden-lagoons-of-baltinache\/\" class=\"button\">View<\/a>\n\t\t\t\t\t<\/div>\n\t\t\t\t\t\n\t\t\t\t\t\t\t\t\t\t<div class=\"tour-grid-price\">\t\n\t\t\t\t\t\t<div class=\"tour-grid-price-label\">From<\/div>\n\t\t\t\t\t\t<div class=\"tour-grid-price-data\">65.000 CLP<\/div>\n\t\t\t\t\t<\/div>\n\t\t\t\t\t\t\t\t\t<\/div>\n\t\t\t<\/div>\n\t\t<\/div>\n\n<br class=\"clear\"\/>\n\n<\/div>\n\n<\/div>\t\t\t\t<\/div>\n\t\t\t\t<\/div>\n\t\t\t\t\t<\/div>\n\t\t\t\t<\/div>\n\t\t\t\t<\/div>\n\t\t","protected":false},"excerpt":{"rendered":"<p>Experiences Qualquer M\u00easJanuaryFebruaryMarchAprilMayJuneJulyAugustSeptemberOctoberNovemberDecember Ordenar por dataPre\u00e7o: do menor para o maiorPre\u00e7o: do maior para o menorOrdenar por nomeOrdenar por popularidadeOrdenar por avalia\u00e7\u00e3o Todas as CategoriasAventuraCl\u00e1ssicosExclusivos Qualquer M\u00easAsiaAustraliaEuropeSouth America $ Pesquisa Avan\u00e7ada Lagunas Escondidas de Baltinache \u00c1gua, sal e surpresa no [&hellip;]<\/p>\n","protected":false},"author":1,"featured_media":0,"parent":0,"menu_order":0,"comment_status":"closed","ping_status":"closed","template":"elementor_header_footer","meta":{"footnotes":""},"class_list":["post-4652","page","type-page","status-publish","hentry"],"_links":{"self":[{"href":"https:\/\/atacama-connection.com\/en\/wp-json\/wp\/v2\/pages\/4652","targetHints":{"allow":["GET"]}}],"collection":[{"href":"https:\/\/atacama-connection.com\/en\/wp-json\/wp\/v2\/pages"}],"about":[{"href":"https:\/\/atacama-connection.com\/en\/wp-json\/wp\/v2\/types\/page"}],"author":[{"embeddable":true,"href":"https:\/\/atacama-connection.com\/en\/wp-json\/wp\/v2\/users\/1"}],"replies":[{"embeddable":true,"href":"https:\/\/atacama-connection.com\/en\/wp-json\/wp\/v2\/comments?post=4652"}],"version-history":[{"count":18,"href":"https:\/\/atacama-connection.com\/en\/wp-json\/wp\/v2\/pages\/4652\/revisions"}],"predecessor-version":[{"id":4863,"href":"https:\/\/atacama-connection.com\/en\/wp-json\/wp\/v2\/pages\/4652\/revisions\/4863"}],"wp:attachment":[{"href":"https:\/\/atacama-connection.com\/en\/wp-json\/wp\/v2\/media?parent=4652"}],"curies":[{"name":"wp","href":"https:\/\/api.w.org\/{rel}","templated":true}]}}